{"id":28,"date":"2019-11-30T14:25:39","date_gmt":"2019-11-30T14:25:39","guid":{"rendered":"https:\/\/pistacheetrose.ch\/?page_id=28"},"modified":"2025-09-08T00:02:06","modified_gmt":"2025-09-08T00:02:06","slug":"the-new-umoma-opens-its-doors-2","status":"publish","type":"page","link":"https:\/\/pistacheetrose.ch\/","title":{"rendered":"Traiteur \u00e9v\u00e9nementiel \u00e0 Gen\u00e8ve"},"content":{"rendered":"\n<p>Pour demander un devis contactez nous pistache.et.rose@gmail.com<\/p>\n\n\n\n<div class=\"wp-block-group alignwide\"><div class=\"wp-block-group__inner-container is-layout-flow wp-block-group-is-layout-flow\">\n<p>Trouvez nous sur Instagram <a href=\"https:\/\/www.google.com\">@pistache.et.rose<\/a><\/p>\n\n\n\n<p><\/p>\n<\/div><\/div>\n\n\n\n<figure class=\"wp-block-image alignfull size-large\"><img loading=\"lazy\" decoding=\"async\" width=\"549\" height=\"1024\" src=\"https:\/\/pistacheetrose.ch\/wp-content\/uploads\/2025\/09\/2023_interpeace-549x1024.jpg\" alt=\"\" class=\"wp-image-159\" srcset=\"https:\/\/pistacheetrose.ch\/wp-content\/uploads\/2025\/09\/2023_interpeace-549x1024.jpg 549w, https:\/\/pistacheetrose.ch\/wp-content\/uploads\/2025\/09\/2023_interpeace-161x300.jpg 161w, https:\/\/pistacheetrose.ch\/wp-content\/uploads\/2025\/09\/2023_interpeace-768x1433.jpg 768w, https:\/\/pistacheetrose.ch\/wp-content\/uploads\/2025\/09\/2023_interpeace-823x1536.jpg 823w, https:\/\/pistacheetrose.ch\/wp-content\/uploads\/2025\/09\/2023_interpeace-1098x2048.jpg 1098w, https:\/\/pistacheetrose.ch\/wp-content\/uploads\/2025\/09\/2023_interpeace-scaled.jpg 1372w\" sizes=\"auto, (max-width: 549px) 100vw, 549px\" \/><figcaption class=\"wp-element-caption\">Buffet \u00e0 Gen\u00e8ve &#8211; Maison de la paix<\/figcaption><\/figure>\n\n\n\n<div class=\"wp-block-columns alignwide is-layout-flex wp-container-core-columns-is-layout-9d6595d7 wp-block-columns-is-layout-flex\">\n<div class=\"wp-block-column is-layout-flow wp-block-column-is-layout-flow\">\n<div class=\"wp-block-group\"><div class=\"wp-block-group__inner-container is-layout-flow wp-block-group-is-layout-flow\">\n<figure class=\"wp-block-image size-large\"><img loading=\"lazy\" decoding=\"async\" width=\"1018\" height=\"1024\" src=\"https:\/\/pistacheetrose.ch\/wp-content\/uploads\/2025\/09\/4-1-1018x1024.png\" alt=\"\" class=\"wp-image-165\" srcset=\"https:\/\/pistacheetrose.ch\/wp-content\/uploads\/2025\/09\/4-1-1018x1024.png 1018w, https:\/\/pistacheetrose.ch\/wp-content\/uploads\/2025\/09\/4-1-298x300.png 298w, https:\/\/pistacheetrose.ch\/wp-content\/uploads\/2025\/09\/4-1-150x150.png 150w, https:\/\/pistacheetrose.ch\/wp-content\/uploads\/2025\/09\/4-1-768x772.png 768w, https:\/\/pistacheetrose.ch\/wp-content\/uploads\/2025\/09\/4-1-100x100.png 100w, https:\/\/pistacheetrose.ch\/wp-content\/uploads\/2025\/09\/4-1.png 1056w\" sizes=\"auto, (max-width: 706px) 89vw, (max-width: 767px) 82vw, 740px\" \/><figcaption class=\"wp-element-caption\">Fatt\u00e9 &#8211; plat typique syrien<\/figcaption><\/figure>\n<\/div><\/div>\n\n\n\n<div class=\"wp-block-group\"><div class=\"wp-block-group__inner-container is-layout-flow wp-block-group-is-layout-flow\">\n<figure class=\"wp-block-image size-large is-resized\"><img loading=\"lazy\" decoding=\"async\" width=\"924\" height=\"1024\" src=\"https:\/\/pistacheetrose.ch\/wp-content\/uploads\/2025\/09\/1-2-924x1024.png\" alt=\"\" class=\"wp-image-171\" style=\"width:299px;height:auto\" srcset=\"https:\/\/pistacheetrose.ch\/wp-content\/uploads\/2025\/09\/1-2-924x1024.png 924w, https:\/\/pistacheetrose.ch\/wp-content\/uploads\/2025\/09\/1-2-271x300.png 271w, https:\/\/pistacheetrose.ch\/wp-content\/uploads\/2025\/09\/1-2-768x851.png 768w, https:\/\/pistacheetrose.ch\/wp-content\/uploads\/2025\/09\/1-2.png 1080w\" sizes=\"auto, (max-width: 706px) 89vw, (max-width: 767px) 82vw, 740px\" \/><figcaption class=\"wp-element-caption\">Houmous onctueux au citron <\/figcaption><\/figure>\n<\/div><\/div>\n<\/div>\n\n\n\n<div class=\"wp-block-column is-layout-flow wp-block-column-is-layout-flow\">\n<div class=\"wp-block-group\"><div class=\"wp-block-group__inner-container is-layout-flow wp-block-group-is-layout-flow\">\n<figure class=\"wp-block-image size-full is-style-rounded\"><img loading=\"lazy\" decoding=\"async\" width=\"992\" height=\"1010\" src=\"https:\/\/pistacheetrose.ch\/wp-content\/uploads\/2025\/09\/3-1.png\" alt=\"\" class=\"wp-image-166\" srcset=\"https:\/\/pistacheetrose.ch\/wp-content\/uploads\/2025\/09\/3-1.png 992w, https:\/\/pistacheetrose.ch\/wp-content\/uploads\/2025\/09\/3-1-295x300.png 295w, https:\/\/pistacheetrose.ch\/wp-content\/uploads\/2025\/09\/3-1-768x782.png 768w\" sizes=\"auto, (max-width: 706px) 89vw, (max-width: 767px) 82vw, 740px\" \/><figcaption class=\"wp-element-caption\">Lunchbox de poulet \u00e0 la menthe <\/figcaption><\/figure>\n<\/div><\/div>\n\n\n\n<div class=\"wp-block-group\"><div class=\"wp-block-group__inner-container is-layout-flow wp-block-group-is-layout-flow\">\n<figure class=\"wp-block-gallery has-nested-images columns-default is-cropped wp-block-gallery-1 is-layout-flex wp-block-gallery-is-layout-flex\">\n<figure class=\"wp-block-image size-large is-style-rounded\"><img loading=\"lazy\" decoding=\"async\" width=\"1024\" height=\"934\" data-id=\"167\" src=\"https:\/\/pistacheetrose.ch\/wp-content\/uploads\/2025\/09\/2-1-1024x934.png\" alt=\"\" class=\"wp-image-167\" srcset=\"https:\/\/pistacheetrose.ch\/wp-content\/uploads\/2025\/09\/2-1-1024x934.png 1024w, https:\/\/pistacheetrose.ch\/wp-content\/uploads\/2025\/09\/2-1-300x274.png 300w, https:\/\/pistacheetrose.ch\/wp-content\/uploads\/2025\/09\/2-1-768x700.png 768w, https:\/\/pistacheetrose.ch\/wp-content\/uploads\/2025\/09\/2-1.png 1115w\" sizes=\"auto, (max-width: 706px) 89vw, (max-width: 767px) 82vw, 740px\" \/><figcaption class=\"wp-element-caption\">Falafels<\/figcaption><\/figure>\n<\/figure>\n<\/div><\/div>\n<\/div>\n<\/div>\n\n\n\n<div class=\"wp-block-group alignwide\"><div class=\"wp-block-group__inner-container is-layout-flow wp-block-group-is-layout-flow\">\n<h2 class=\"wp-block-heading has-text-align-center has-accent-color has-text-color\">&#8220;Nous vous invitons \u00e0 d\u00e9couvrir les plats authentiques pr\u00e9par\u00e9s par les femmes cr\u00e9atrices \u00e0 la disposition de la r\u00e9gion Romande&#8221;<\/h2>\n\n\n\n<div class=\"wp-block-group is-nowrap is-layout-flex wp-container-core-group-is-layout-ad2f72ca wp-block-group-is-layout-flex\">\n<figure class=\"wp-block-image size-large\"><img loading=\"lazy\" decoding=\"async\" width=\"819\" height=\"1024\" src=\"https:\/\/pistacheetrose.ch\/wp-content\/uploads\/2025\/09\/FINGERFOOD-45-819x1024.jpeg\" alt=\"\" class=\"wp-image-170\" srcset=\"https:\/\/pistacheetrose.ch\/wp-content\/uploads\/2025\/09\/FINGERFOOD-45-819x1024.jpeg 819w, https:\/\/pistacheetrose.ch\/wp-content\/uploads\/2025\/09\/FINGERFOOD-45-240x300.jpeg 240w, https:\/\/pistacheetrose.ch\/wp-content\/uploads\/2025\/09\/FINGERFOOD-45-768x960.jpeg 768w, https:\/\/pistacheetrose.ch\/wp-content\/uploads\/2025\/09\/FINGERFOOD-45.jpeg 923w\" sizes=\"auto, (max-width: 706px) 89vw, (max-width: 767px) 82vw, 740px\" \/><figcaption class=\"wp-element-caption\">Finger Food . Ice-Bergues &#8211; Gen\u00e8ve<\/figcaption><\/figure>\n\n\n\n<figure class=\"wp-block-image size-large\"><img loading=\"lazy\" decoding=\"async\" width=\"820\" height=\"1024\" src=\"https:\/\/pistacheetrose.ch\/wp-content\/uploads\/2025\/09\/BUFFET-45-820x1024.jpeg\" alt=\"\" class=\"wp-image-169\" srcset=\"https:\/\/pistacheetrose.ch\/wp-content\/uploads\/2025\/09\/BUFFET-45-820x1024.jpeg 820w, https:\/\/pistacheetrose.ch\/wp-content\/uploads\/2025\/09\/BUFFET-45-240x300.jpeg 240w, https:\/\/pistacheetrose.ch\/wp-content\/uploads\/2025\/09\/BUFFET-45-768x959.jpeg 768w, https:\/\/pistacheetrose.ch\/wp-content\/uploads\/2025\/09\/BUFFET-45.jpeg 923w\" sizes=\"auto, (max-width: 706px) 89vw, (max-width: 767px) 82vw, 740px\" \/><figcaption class=\"wp-element-caption\">Buffet &#8211; HD &#8211; Gen\u00e8ve<\/figcaption><\/figure>\n<\/div>\n<\/div><\/div>\n\n\n\n<h2 class=\"wp-block-heading\"><\/h2>\n\n\n\n<h2 class=\"wp-block-heading\"><\/h2>\n\n\n\n<p><\/p>\n","protected":false},"excerpt":{"rendered":"<p>Pour demander un devis contactez nous pistache.et.rose@gmail.com Trouvez nous sur Instagram @pistache.et.rose &#8220;Nous vous invitons \u00e0 d\u00e9couvrir les plats authentiques pr\u00e9par\u00e9s par les femmes cr\u00e9atrices \u00e0 la disposition de la r\u00e9gion Romande&#8221;<\/p>\n","protected":false},"author":1,"featured_media":143,"parent":0,"menu_order":0,"comment_status":"closed","ping_status":"closed","template":"","meta":{"footnotes":""},"class_list":["post-28","page","type-page","status-publish","has-post-thumbnail","hentry"],"_links":{"self":[{"href":"https:\/\/pistacheetrose.ch\/index.php\/wp-json\/wp\/v2\/pages\/28","targetHints":{"allow":["GET"]}}],"collection":[{"href":"https:\/\/pistacheetrose.ch\/index.php\/wp-json\/wp\/v2\/pages"}],"about":[{"href":"https:\/\/pistacheetrose.ch\/index.php\/wp-json\/wp\/v2\/types\/page"}],"author":[{"embeddable":true,"href":"https:\/\/pistacheetrose.ch\/index.php\/wp-json\/wp\/v2\/users\/1"}],"replies":[{"embeddable":true,"href":"https:\/\/pistacheetrose.ch\/index.php\/wp-json\/wp\/v2\/comments?post=28"}],"version-history":[{"count":16,"href":"https:\/\/pistacheetrose.ch\/index.php\/wp-json\/wp\/v2\/pages\/28\/revisions"}],"predecessor-version":[{"id":172,"href":"https:\/\/pistacheetrose.ch\/index.php\/wp-json\/wp\/v2\/pages\/28\/revisions\/172"}],"wp:featuredmedia":[{"embeddable":true,"href":"https:\/\/pistacheetrose.ch\/index.php\/wp-json\/wp\/v2\/media\/143"}],"wp:attachment":[{"href":"https:\/\/pistacheetrose.ch\/index.php\/wp-json\/wp\/v2\/media?parent=28"}],"curies":[{"name":"wp","href":"https:\/\/api.w.org\/{rel}","templated":true}]}}